{"id":159,"date":"2012-06-01T10:12:13","date_gmt":"2012-06-01T10:12:13","guid":{"rendered":"http:\/\/actgv.fr\/?page_id=159"},"modified":"2022-08-26T12:22:29","modified_gmt":"2022-08-26T11:22:29","slug":"voyages","status":"publish","type":"page","link":"https:\/\/actgv.fr\/?page_id=159","title":{"rendered":"Voyages"},"content":{"rendered":"<p>Chaque ann\u00e9e nos GO, Monique et Jean Pierre organisent<br \/>un voyage, pour le plaisir des <span style=\"color: #000000;\">membres<\/span> de l&rsquo;ACTGV.<\/p>\n<p><span style=\"color: #0000ff;\"><strong>Voyage aux Pays Baltes<\/strong><\/span>: <a href=\"http:\/\/actgv.fr\/wp-content\/uploads\/2022\/08\/Articles-Pays-Baltes-06-2022-site.pdf\" target=\"_blank\" rel=\"noopener\">ICI<\/a><br \/>du 20 au 29 juin 2022<\/p>\n<p><span style=\"color: #339966;\"><strong>Sortie \u00e0 la Cit\u00e9 de la mer<\/strong><\/span>;<a href=\"http:\/\/actgv.fr\/wp-content\/uploads\/2019\/10\/Sortie-Cherbourg.pdf\"> ICI<\/a><br \/>du 12 au 13 septembre 2019<\/p>\n<p><span style=\"color: #ff00ff;\"><strong>Voyage aux Pouilles<\/strong><\/span>; <a href=\"http:\/\/actgv.fr\/wp-content\/uploads\/2019\/10\/Voyage-2019-Les-Pouilles.pdf\">ICI<\/a><br \/>du 09 juin au 16 juin 2019<\/p>\n<h3><strong><span style=\"color: #008080;\">Voyage en Birmanie;<\/span><\/strong> <a href=\"http:\/\/actgv.fr\/wp-content\/uploads\/2017\/06\/2017-Voyage-Birmanie.pdf\" target=\"_blank\" rel=\"noopener noreferrer\">ICI<\/a><br \/>du 03 au 19 mars 2017.<\/h3>\n<p><span style=\"color: #339966;\"><strong>Croisi\u00e8re en M\u00e9diterran\u00e9e<\/strong><\/span>. <a href=\"http:\/\/actgv.fr\/wp-content\/uploads\/2017\/03\/Crosi\u00e8re-2016.pdf\" target=\"_blank\" rel=\"noopener noreferrer\">ICI<\/a><br \/>Du 21 mai au 1er juin 2016.<\/p>\n<p><strong><span style=\"color: #339966;\">Voyage en Floride &#8211; Washington &#8211; New &#8211; York. <i><a href=\"http:\/\/actgv.fr\/wp-content\/uploads\/2015\/12\/la-floride.pdf\" target=\"_blank\" rel=\"noopener noreferrer\">ICI<\/a><\/i><\/span><\/strong><br \/>Du 5 au 14 avril 2015<\/p>\n<p><strong><span style=\"color: #008000;\">Voyage en INDE du SUD<\/span><\/strong>. <strong><em><a title=\"Inde du Sud\" href=\"http:\/\/actgv.fr\/wp-content\/uploads\/2014\/05\/Inde-du-sud.pdf\" target=\"_blank\" rel=\"noopener noreferrer\">ICI\u00e9e<br \/><\/a><\/em><\/strong>Du 23 janvier \u00a0au 4 fevrier 2014<\/p>\n<p><span style=\"color: #008000;\">Voyage au <\/span><strong><span style=\"color: #008000;\">COSTA RICA.<\/span><\/strong> <em><strong><a title=\"Costa Rica\" href=\"http:\/\/actgv.fr\/wp-content\/uploads\/2013\/07\/costa-rica.pdf\" target=\"_blank\" rel=\"noopener noreferrer\">ICI<br \/><\/a><\/strong><\/em>Du 1er au 15 mars 2013<\/p>\n<p><span style=\"color: #008000;\">Voyage en <\/span><strong><span style=\"color: #008000;\">RUSSIE.<\/span> <em><a title=\"La Russie\" href=\"http:\/\/actgv.fr\/wp-content\/uploads\/2013\/01\/Russie.pdf\" target=\"_blank\" rel=\"noopener noreferrer\">ICI<\/a><\/em><\/strong><br \/>Du 17 au 28 mai 2012<\/p>\n<p><span style=\"color: #008000;\">Voyage en <\/span><strong><span style=\"color: #800080;\"><span style=\"color: #008000;\">JORDANIE<\/span>.<\/span> <em><a title=\"jordanie\" href=\"http:\/\/actgv.fr\/wp-content\/uploads\/2012\/06\/jordanie.pdf\" target=\"_blank\" rel=\"noopener noreferrer\">ICI<\/a><\/em><\/strong><br \/>Du 8 au 19 mai 2011<\/p>\n<p><span style=\"color: #008000;\">Voyage au<\/span><strong><span style=\"color: #008000;\"> BRESIL.<\/span><em> <a title=\"Bresil\" href=\"http:\/\/actgv.fr\/wp-content\/uploads\/2012\/06\/bresil.pdf\" target=\"_blank\" rel=\"noopener noreferrer\">ICI<\/a><\/em><\/strong><br \/>Du 13 au 24 septembre 2010<\/p>\n<p><span style=\"color: #008000;\">Voyage en<\/span><strong><span style=\"color: #008000;\"> SICILE.<\/span> <em><a title=\"Sicile\" href=\"http:\/\/actgv.fr\/wp-content\/uploads\/2012\/06\/sicile.pdf\" target=\"_blank\" rel=\"noopener noreferrer\">ICI<\/a><\/em><\/strong><br \/>Du 5 au 19 juin 2009<\/p>\n<p><span style=\"color: #008000;\">Voyage en<\/span><strong><span style=\"color: #008000;\"> CHINE.<\/span> <em><a title=\"Chine\" href=\"http:\/\/actgv.fr\/wp-content\/uploads\/2012\/06\/chine.pdf\" target=\"_blank\" rel=\"noopener noreferrer\">ICI<\/a><\/em><\/strong><br \/>22 septembre au 7 octobre 2008<\/p>\n<p><span style=\"color: #008000;\">Voyage au<\/span><strong><span style=\"color: #008000;\"> PEROU.<\/span> <em><a title=\"P\u00e9rou\" href=\"http:\/\/actgv.fr\/wp-content\/uploads\/2012\/06\/perou.pdf\" target=\"_blank\" rel=\"noopener noreferrer\">ICI<\/a><\/em><\/strong><br \/>14 au 29 juin 2007<\/p>\n<p><span style=\"color: #008000;\">Voyage en <\/span><strong><span style=\"color: #008000;\">AMAZONIE.<\/span> <em><a title=\"Amazonie\" href=\"http:\/\/actgv.fr\/wp-content\/uploads\/2012\/06\/amazonie.pdf\" target=\"_blank\" rel=\"noopener noreferrer\">ICI<\/a><\/em><\/strong><br \/>26 au 29 juin 2007<\/p>\n<p><span style=\"color: #008000;\">Voyage en <\/span><strong><span style=\"color: #008000;\">AMERIQUE de l&rsquo;OUEST.<\/span> <em><a title=\"Am\u00e9rique\" href=\"http:\/\/actgv.fr\/wp-content\/uploads\/2012\/06\/amerique.pdf\" target=\"_blank\" rel=\"noopener noreferrer\">ICI<\/a><\/em><\/strong><br \/>9 au 25 juin 2006<\/p>\n<p><span style=\"color: #008000;\">Voyage au <\/span><strong><span style=\"color: #008000;\">VIETNAM.<\/span> <em><a title=\"Vietnam\" href=\"http:\/\/actgv.fr\/wp-content\/uploads\/2012\/06\/vietnam.pdf\" target=\"_blank\" rel=\"noopener noreferrer\">ICI<\/a><\/em><\/strong><br \/>30 mars au 13 avril 2005<\/p>\n<p><span style=\"color: #008000;\">Voyage au <\/span><strong><span style=\"color: #008000;\">PUY du FOU.<\/span><em> <a title=\"Puy du Fou\" href=\"http:\/\/actgv.fr\/wp-content\/uploads\/2012\/06\/puy-du-fou.pdf\" target=\"_blank\" rel=\"noopener noreferrer\">ICI<br \/><\/a><\/em><\/strong>juin 2003<\/p>\n<p><em><strong><span style=\"color: #008000;\">Voyage au MEXIQUE<\/span>. <a title=\"Mexique\" href=\"http:\/\/actgv.fr\/wp-content\/uploads\/2012\/06\/mexique.pdf\" target=\"_blank\" rel=\"noopener noreferrer\">ICI<br \/><\/a><\/strong><\/em>23 octobre au 5 novembre 2000<\/p>\n<p><strong><em>\u00a0<\/em><\/strong><\/p>\n\n\n<p><\/p>\n","protected":false},"excerpt":{"rendered":"<p>Chaque ann\u00e9e nos GO, Monique et Jean Pierre organisentun voyage, pour le plaisir des membres de l&rsquo;ACTGV. Voyage aux Pays Baltes: ICIdu 20 au 29 juin 2022 Sortie \u00e0 la Cit\u00e9 de la mer; ICIdu 12 au 13 septembre 2019 &hellip; <a href=\"https:\/\/actgv.fr\/?page_id=159\">Continuer la lecture <span class=\"meta-nav\">&rarr;<\/span><\/a><\/p>\n","protected":false},"author":1,"featured_media":1336,"parent":0,"menu_order":6,"comment_status":"closed","ping_status":"closed","template":"","meta":{"footnotes":""},"class_list":["post-159","page","type-page","status-publish","has-post-thumbnail","hentry"],"_links":{"self":[{"href":"https:\/\/actgv.fr\/index.php?rest_route=\/wp\/v2\/pages\/159","targetHints":{"allow":["GET"]}}],"collection":[{"href":"https:\/\/actgv.fr\/index.php?rest_route=\/wp\/v2\/pages"}],"about":[{"href":"https:\/\/actgv.fr\/index.php?rest_route=\/wp\/v2\/types\/page"}],"author":[{"embeddable":true,"href":"https:\/\/actgv.fr\/index.php?rest_route=\/wp\/v2\/users\/1"}],"replies":[{"embeddable":true,"href":"https:\/\/actgv.fr\/index.php?rest_route=%2Fwp%2Fv2%2Fcomments&post=159"}],"version-history":[{"count":44,"href":"https:\/\/actgv.fr\/index.php?rest_route=\/wp\/v2\/pages\/159\/revisions"}],"predecessor-version":[{"id":2673,"href":"https:\/\/actgv.fr\/index.php?rest_route=\/wp\/v2\/pages\/159\/revisions\/2673"}],"wp:featuredmedia":[{"embeddable":true,"href":"https:\/\/actgv.fr\/index.php?rest_route=\/wp\/v2\/media\/1336"}],"wp:attachment":[{"href":"https:\/\/actgv.fr\/index.php?rest_route=%2Fwp%2Fv2%2Fmedia&parent=159"}],"curies":[{"name":"wp","href":"https:\/\/api.w.org\/{rel}","templated":true}]}}