{"id":156,"date":"2012-06-01T10:10:38","date_gmt":"2012-06-01T10:10:38","guid":{"rendered":"http:\/\/actgv.fr\/?page_id=156"},"modified":"2025-07-21T10:51:32","modified_gmt":"2025-07-21T09:51:32","slug":"technique","status":"publish","type":"page","link":"https:\/\/actgv.fr\/?page_id=156","title":{"rendered":"Technique"},"content":{"rendered":"<div><strong><span style=\"color: #ff6600;\"><span style=\"text-decoration: underline;\"><span style=\"color: #0000ff; text-decoration: underline;\">Caract\u00e9ristiques:<\/span><\/span><br \/>\nRecord du monde :\u00a0 &#8211;<a href=\"http:\/\/actgv.fr\/wp-content\/uploads\/2012\/05\/records-du-monde-05-05-2012.pdf\" target=\"_blank\" rel=\"noopener noreferrer\"> ICI<\/a><br \/>\n<\/span><\/strong><span style=\"color: #ff6600;\"><span style=\"color: #000000;\">J.Le Corre &#8211; G.Desplanques<br \/>\nVid\u00e9o du 07 avril 2007 \u00e0 574.800 km\/h\u00a0<a href=\"http:\/\/actgv.fr\/wp-content\/uploads\/2013\/03\/record-du-monde-2007-\u00e0-574.wmv\" target=\"_blank\" rel=\"noopener noreferrer\"><strong> ICI<\/strong><\/a><br \/>\n<\/span><\/span><\/div>\n<div><\/div>\n<h4>Michel Durochat-Jean Willemin-Gilbert Desplanques.<br \/>\n\u00a0\u00bb Il convient de diff\u00e9rencier les types de record :<br \/>\n-le record de vitesse d\u00e9tenu par un v\u00e9hicule terrestre, le train japonais \u00e0 sustentation magn\u00e9tique Maglev, \u00e0\u00a0\u00a0\u00a0 603 km\/h. Syst\u00e8me utilis\u00e9 au Japon, en Chine et exp\u00e9riment\u00e9 en Allemagne.<br \/>\n-le record de vitesse ferroviaire avec contact roue\/rail, toujours d\u00e9tenu par le TGV fran\u00e7ais \u00e0 574.8 km\/h.\u00a0\u00bb<br \/>\n<span style=\"text-decoration: underline;\"><strong>Les 4 records du TGV<\/strong><\/span> contact rail\/roue: <a href=\"http:\/\/actgv.fr\/wp-content\/uploads\/2015\/03\/4-records-TGV-2015-03-18.pdf\" target=\"_blank\" rel=\"noopener noreferrer\">ICI<\/a><\/h4>\n<div><span style=\"color: #000000;\"><strong><span style=\"color: #ffffff;\">aa<\/span><br \/>\n<span style=\"color: #0000ff;\">Caract\u00e9ristiques Trains \u00e0 Grande Vitesse:<\/span><br \/>\n<\/strong><\/span><span style=\"color: #ff6600;\"><span style=\"color: #000000;\">G.Desplanques<br \/>\n<span style=\"color: #ffffff;\">aa<\/span><\/span><\/span><\/div>\n<div><span style=\"text-decoration: underline;\"><strong><span style=\"color: #0000ff; text-decoration: underline;\">Divers :<br \/>\n<\/span><\/strong><\/span><strong>M\u00e9lusine:<\/strong><span style=\"text-decoration: underline;\"><strong><span style=\"color: #0000ff; text-decoration: underline;\"><br \/>\n<\/span><\/strong><\/span><span style=\"color: #000000;\">Texte et photos J.Willemin<br \/>\n<span style=\"color: #ff6600;\"><strong>WI FI:<\/strong><\/span><br \/>\nJ.Willemin &#8211; G.Desplanques<br \/>\n<strong>TGV a 25 ans:<\/strong><br \/>\nJ.Le Corre &#8211;\u00a0 J.Willemin &#8211; G.Desplanques<br \/>\n<\/span><strong>TGV a 30ans:<span style=\"color: #000000;\"><br \/>\n<\/span><\/strong><span style=\"color: #000000;\">J.Willemin &#8211; G.Desplanques<br \/>\n<strong>Op\u00e9ration Sardine:<\/strong><br \/>\nJ.Willemin &#8211; G.Desplanques<br \/>\n<strong>Syst\u00e9me TGV:<\/strong><br \/>\nJ.Willemin &#8211; G.Desplanques<br \/>\n<strong>IRIS 320:<\/strong><br \/>\nJ.Le Corre &#8211; M.Durochat- G.Desplanques<br \/>\n<strong>M\u00e9lusine:<\/strong><br \/>\ntexte et photos J.Willemin<\/span><\/div>\n<div><strong><span style=\"color: #0000ff;\"><span style=\"color: #ffffff;\">aa<\/span><\/span><\/strong><strong><span style=\"color: #0000ff;\"><br \/>\n<\/span><\/strong><span style=\"text-decoration: underline;\"><strong><span style=\"color: #0000ff; text-decoration: underline;\">Electrique :<br \/>\n<\/span><\/strong><\/span><span style=\"color: #0000ff;\"><span style=\"color: #000000;\"><strong>Hacheur de Courant:<\/strong><br \/>\nJP.Manouvrier &#8211; J.Willemin &#8211; G.Desplanques<br \/>\n<strong>Effet de Hall:<\/strong><br \/>\nJP.Manouvrier &#8211; J.Willemin &#8211; G.Desplanques<br \/>\n<strong>Moteur Synchrone:<\/strong><br \/>\nJP.Manouvrier &#8211; G.Desplanques<br \/>\n<strong>Moteur Asynchrone :<\/strong><br \/>\nJ.Willemin &#8211; G.Desplanques<br \/>\n<strong>Motorisation TGV POS :<\/strong><br \/>\nA.Jeunesse &#8211; M.Rollin &#8211; M.Durochat<br \/>\n<strong>Onduleur PMC F:<\/strong><br \/>\nM.Durochat &#8211; G.Desplanques<br \/>\n<strong>Installation \u00e9lectrique :<\/strong><br \/>\n<\/span><\/span><span style=\"color: #0000ff;\"><span style=\"color: #000000;\">G.Desplanques &#8211; doc de formation<br \/>\n<strong>Electronique :<\/strong><br \/>\nM.Durochat &#8211; G.Desplanques<\/span><\/span><\/div>\n<div><strong>Circuit de puissance<\/strong><\/div>\n<div><span style=\"color: #0000ff;\"><span style=\"color: #000000;\">M.Durochat &#8211; J Willemin &#8211; G.Desplanques<\/span><\/span><\/div>\n<div><span style=\"color: #ffffff;\"><strong>aa<\/strong><\/span><\/div>\n<div><\/div>\n<div><span style=\"color: #0000ff;\"><strong><span style=\"color: #0000ff;\">Le freinage des trains:<\/span><br \/>\n<\/strong><\/span><\/div>\n<div>M. Durochat &#8211; G.Desplanques<\/div>\n<div><strong><span style=\"color: #0000ff;\"><span style=\"color: #ffffff;\">aa<\/span><\/span><span style=\"text-decoration: underline;\"><span style=\"color: #0000ff; text-decoration: underline;\"><br \/>\nM\u00e9canique :<br \/>\n<\/span><\/span><span style=\"color: #000000;\">Pendulation :<br \/>\n<\/span><\/strong><span style=\"color: #000000;\">C.Souli\u00e9 &#8211; G.Desplanques<br \/>\n<strong>Bogie TGV PSE:<\/strong><br \/>\nJ.Le Corre &#8211; G.Desplanques<br \/>\n<strong>TGV A \/ R :<\/strong><br \/>\nJ.Le Corre &#8211; G.Desplanques<\/span><\/div>\n<div><span style=\"color: #ffffff;\">cccccc<\/span><\/div>\n<div><span style=\"text-decoration: underline;\"><strong><span style=\"color: #0000ff; text-decoration: underline;\">Organes M\u00e9caniques:<\/span><\/strong><\/span><\/div>\n<div><strong>Organes de commandes:<\/strong><\/div>\n<div>M Durochat- Gilbert Desplanques<\/div>\n<div><strong>Cha\u00eene Cin\u00e9matique:<\/strong><\/div>\n<div>M Durochat &#8211; J Willemin &#8211; G Desplanques.<\/div>\n<div><strong>Adh\u00e9rence Rail &#8211; Roue:<\/strong><\/div>\n<div>M Durochat &#8211; G Desplanques.<\/div>\n<div><strong>Reprofilage:<\/strong><\/div>\n<div>M Durochat &#8211; G Desplanques.<\/div>\n<div><span style=\"color: #ffffff;\">aaaaa<\/span><\/div>\n<div><strong><span style=\"text-decoration: underline;\"><span style=\"color: #0000ff; text-decoration: underline;\">Rail :<\/span><\/span><\/strong><\/div>\n<div><strong><span style=\"color: #0000ff; text-decoration: underline;\"><span style=\"color: #000000; text-decoration: underline;\">Eclisses:<\/span><\/span><\/strong><\/div>\n<div><span style=\"color: #000000;\">M.Durochat &#8211; G.Desplanques<\/span><\/div>\n<div><strong><span style=\"text-decoration: underline;\"><span style=\"color: #000000; text-decoration: underline;\">Qu&rsquo;est qu&rsquo;un rai l?<\/span>:<\/span><\/strong><\/div>\n<div><span style=\"color: #000000;\">M.Durochat &#8211; G.Desplanques<\/span><\/div>\n<div><span style=\"text-decoration: underline; color: #000000;\"><strong>D\u00e9finitions d&rsquo;un rail:<\/strong><\/span><\/div>\n<div><span style=\"color: #000000;\">M.Durochat &#8211; G.Desplanques<\/span><\/div>\n<div><strong><span style=\"color: #0000ff; text-decoration: underline;\"><br \/>\nSignalisation :<br \/>\n<\/span><\/strong><span style=\"color: #0000ff;\"><span style=\"color: #000000;\"><strong>Loc Personal Electronique Assistant :<\/strong><br \/>\nP.Sutter<br \/>\n<strong>TVM :<\/strong><br \/>\nJ.Le Corre &#8211; J.Willemin &#8211; G.Desplanques<br \/>\n<strong>ERTMS :<\/strong><br \/>\nJ.Le Corre &#8211; J.Willemin &#8211; G.Desplanques<\/span><\/span><\/div>\n<div><\/div>\n<div><\/div>\n<div><span style=\"color: #ffffff;\">.<\/span><\/div>\n<h4><span style=\"color: #0000ff;\"><strong><span style=\"color: #0000ff;\">Trains Autonomes<\/span> :<\/strong><br \/>\n<\/span><strong><span style=\"color: #000000;\">Des lasers et un Train Autonome: <a href=\"http:\/\/actgv.fr\/wp-content\/uploads\/2025\/07\/Trains-autonomes.pdf\" target=\"_blank\" rel=\"noopener\">ICI<\/a><\/span><\/strong><br \/>\nOlivier Chicheportiche &#8211; G.Desplanques (mise en page)<br \/>\n<strong>Vid\u00e9o explicative: <\/strong><a href=\"http:\/\/actgv.fr\/wp-content\/uploads\/2025\/07\/MARS-LGV-une-avancee-technologique-pour-la-securite-des-Lignes-a-Grande-Vitesse.mp4\" target=\"_blank\" rel=\"noopener\"><strong>ICI<\/strong><\/a><\/h4>\n","protected":false},"excerpt":{"rendered":"<p>Caract\u00e9ristiques: Record du monde :\u00a0 &#8211; ICI J.Le Corre &#8211; G.Desplanques Vid\u00e9o du 07 avril 2007 \u00e0 574.800 km\/h\u00a0 ICI Michel Durochat-Jean Willemin-Gilbert Desplanques. \u00a0\u00bb Il convient de diff\u00e9rencier les types de record : -le record de vitesse d\u00e9tenu par &hellip; <a href=\"https:\/\/actgv.fr\/?page_id=156\">Continuer la lecture <span class=\"meta-nav\">&rarr;<\/span><\/a><\/p>\n","protected":false},"author":1,"featured_media":1189,"parent":0,"menu_order":5,"comment_status":"closed","ping_status":"closed","template":"","meta":{"footnotes":""},"class_list":["post-156","page","type-page","status-publish","has-post-thumbnail","hentry"],"_links":{"self":[{"href":"https:\/\/actgv.fr\/index.php?rest_route=\/wp\/v2\/pages\/156","targetHints":{"allow":["GET"]}}],"collection":[{"href":"https:\/\/actgv.fr\/index.php?rest_route=\/wp\/v2\/pages"}],"about":[{"href":"https:\/\/actgv.fr\/index.php?rest_route=\/wp\/v2\/types\/page"}],"author":[{"embeddable":true,"href":"https:\/\/actgv.fr\/index.php?rest_route=\/wp\/v2\/users\/1"}],"replies":[{"embeddable":true,"href":"https:\/\/actgv.fr\/index.php?rest_route=%2Fwp%2Fv2%2Fcomments&post=156"}],"version-history":[{"count":54,"href":"https:\/\/actgv.fr\/index.php?rest_route=\/wp\/v2\/pages\/156\/revisions"}],"predecessor-version":[{"id":2937,"href":"https:\/\/actgv.fr\/index.php?rest_route=\/wp\/v2\/pages\/156\/revisions\/2937"}],"wp:featuredmedia":[{"embeddable":true,"href":"https:\/\/actgv.fr\/index.php?rest_route=\/wp\/v2\/media\/1189"}],"wp:attachment":[{"href":"https:\/\/actgv.fr\/index.php?rest_route=%2Fwp%2Fv2%2Fmedia&parent=156"}],"curies":[{"name":"wp","href":"https:\/\/api.w.org\/{rel}","templated":true}]}}