{"id":1515,"date":"2014-07-12T09:25:33","date_gmt":"2014-07-12T08:25:33","guid":{"rendered":"http:\/\/actgv.fr\/?page_id=1515"},"modified":"2017-12-27T11:20:53","modified_gmt":"2017-12-27T10:20:53","slug":"organes-mecanique","status":"publish","type":"page","link":"https:\/\/actgv.fr\/?page_id=1515","title":{"rendered":"Organes M\u00e9canique"},"content":{"rendered":"<p>Cha\u00eene Cin\u00e9matique : <a href=\"http:\/\/actgv.fr\/wp-content\/uploads\/2014\/06\/train-dengrenage-organes-m\u00e9canique.pdf\" target=\"_blank\" rel=\"noopener noreferrer\">ICI<\/a><\/p>\n<p>Boite d&rsquo;essieu : <a href=\"http:\/\/actgv.fr\/wp-content\/uploads\/2015\/08\/Boite-dessieux.pdf\" target=\"_blank\" rel=\"noopener noreferrer\">ICI<\/a><\/p>\n<p>Adh\u00e9rence Roue \/ Rail: <a href=\"http:\/\/actgv.fr\/wp-content\/uploads\/2014\/10\/Adh\u00e9rence-Rail-Roue-site.pdf\" target=\"_blank\" rel=\"noopener noreferrer\">ICI<\/a><\/p>\n<p>Reprofilage des roues: <a href=\"http:\/\/actgv.fr\/wp-content\/uploads\/2014\/10\/reprofilage-des-roues.pdf\" target=\"_blank\" rel=\"noopener noreferrer\">ICI<\/a><\/p>\n<p>Organes de commandes: <a href=\"http:\/\/actgv.fr\/wp-content\/uploads\/2017\/09\/Commande_traction_DEFINITIF.pdf\" target=\"_blank\" rel=\"noopener noreferrer\">ICI<\/a><\/p>\n<p>&nbsp;<\/p>\n","protected":false},"excerpt":{"rendered":"<p>Cha\u00eene Cin\u00e9matique : ICI Boite d&rsquo;essieu : ICI Adh\u00e9rence Roue \/ Rail: ICI Reprofilage des roues: ICI Organes de commandes: ICI &nbsp;<\/p>\n","protected":false},"author":1,"featured_media":1519,"parent":156,"menu_order":0,"comment_status":"closed","ping_status":"closed","template":"","meta":{"footnotes":""},"class_list":["post-1515","page","type-page","status-publish","has-post-thumbnail","hentry"],"_links":{"self":[{"href":"https:\/\/actgv.fr\/index.php?rest_route=\/wp\/v2\/pages\/1515","targetHints":{"allow":["GET"]}}],"collection":[{"href":"https:\/\/actgv.fr\/index.php?rest_route=\/wp\/v2\/pages"}],"about":[{"href":"https:\/\/actgv.fr\/index.php?rest_route=\/wp\/v2\/types\/page"}],"author":[{"embeddable":true,"href":"https:\/\/actgv.fr\/index.php?rest_route=\/wp\/v2\/users\/1"}],"replies":[{"embeddable":true,"href":"https:\/\/actgv.fr\/index.php?rest_route=%2Fwp%2Fv2%2Fcomments&post=1515"}],"version-history":[{"count":11,"href":"https:\/\/actgv.fr\/index.php?rest_route=\/wp\/v2\/pages\/1515\/revisions"}],"predecessor-version":[{"id":2156,"href":"https:\/\/actgv.fr\/index.php?rest_route=\/wp\/v2\/pages\/1515\/revisions\/2156"}],"up":[{"embeddable":true,"href":"https:\/\/actgv.fr\/index.php?rest_route=\/wp\/v2\/pages\/156"}],"wp:featuredmedia":[{"embeddable":true,"href":"https:\/\/actgv.fr\/index.php?rest_route=\/wp\/v2\/media\/1519"}],"wp:attachment":[{"href":"https:\/\/actgv.fr\/index.php?rest_route=%2Fwp%2Fv2%2Fmedia&parent=1515"}],"curies":[{"name":"wp","href":"https:\/\/api.w.org\/{rel}","templated":true}]}}