{"id":149,"date":"2012-06-01T10:01:38","date_gmt":"2012-06-01T10:01:38","guid":{"rendered":"http:\/\/actgv.fr\/?page_id=149"},"modified":"2019-05-12T09:27:07","modified_gmt":"2019-05-12T08:27:07","slug":"resultat","status":"publish","type":"page","link":"https:\/\/actgv.fr\/?page_id=149","title":{"rendered":"R\u00e9sultat"},"content":{"rendered":"<p><strong><span style=\"color: #ff6600;\">Clich\u00e9s s\u00e9lectionn\u00e9s<\/span><\/strong><\/p>\n<p>2019: <a href=\"http:\/\/actgv.fr\/wp-content\/uploads\/2019\/05\/R\u00e9sultat-\u00e9preuves-concours-2019.pdf\" target=\"_blank\" rel=\"noopener noreferrer\">ICI<\/a><\/p>\n<p>2018: <a href=\"http:\/\/actgv.fr\/wp-content\/uploads\/2018\/07\/R\u00e9sultats-concours-photos-2018-Clich\u00e9s.pdf\" target=\"_blank\" rel=\"noopener noreferrer\">ICI<\/a><\/p>\n<p>2017: <a href=\"http:\/\/actgv.fr\/wp-content\/uploads\/2017\/06\/R\u00e9sultat-Clich\u00e9s-02.pdf\" target=\"_blank\" rel=\"noopener noreferrer\">ICI<\/a><\/p>\n<p><span style=\"color: #800080;\">2016: <a href=\"http:\/\/actgv.fr\/wp-content\/uploads\/2016\/10\/R\u00e9sultat-concours-photos-2016-SITE-02.pdf\" target=\"_blank\" rel=\"noopener noreferrer\">ICI<\/a><br \/>\n<\/span><\/p>\n<p>2015: <a href=\"http:\/\/actgv.fr\/wp-content\/uploads\/2015\/06\/clich\u00e9s-s\u00e9lectionn\u00e9s-2015.pdf\" target=\"_blank\" rel=\"noopener noreferrer\">ICI<\/a><\/p>\n<p><span style=\"color: #0000ff;\">2014<\/span>: <a href=\"http:\/\/actgv.fr\/wp-content\/uploads\/2014\/05\/Page-de-pr\u00e9sentation-r\u00e9sultat-20141.pdf\" target=\"_blank\" rel=\"noopener noreferrer\">ICI<\/a><\/p>\n<p><span style=\"color: #008000;\">2013:<\/span> ICI<\/p>\n<p><strong><span style=\"color: #ff6600;\">\u00a02012:\u00a0 <a href=\"http:\/\/actgv.fr\/wp-content\/uploads\/2012\/06\/page-des-photos.pdf\" target=\"_blank\" rel=\"noopener noreferrer\">ICI<\/a><\/span><\/strong><\/p>\n<p>R\u00e9sultats 2019:<a href=\"http:\/\/actgv.fr\/wp-content\/uploads\/2019\/05\/R\u00e9sultat-concours-liste-mai-2019.pdf\">ICI<\/a><\/p>\n<p>R\u00e9sultats 2018: <a href=\"http:\/\/actgv.fr\/wp-content\/uploads\/2018\/06\/R\u00e9sultat-concours-photos-2018.pdf\" target=\"_blank\" rel=\"noopener noreferrer\">ICI<\/a><\/p>\n<p><strong>R\u00e9sultat 2017<\/strong>: <a href=\"http:\/\/actgv.fr\/wp-content\/uploads\/2017\/06\/R\u00e9sultat-Laur\u00e9ats.pdf\" target=\"_blank\" rel=\"noopener noreferrer\">ICI<\/a><\/p>\n<p><strong><span style=\"color: #339966;\">R\u00e9sultat 2016<\/span>: <a href=\"http:\/\/actgv.fr\/wp-content\/uploads\/2016\/10\/R\u00e9sultat-concours-photos-2016-SITE-02.pdf\" target=\"_blank\" rel=\"noopener noreferrer\">ICI<\/a><\/strong><\/p>\n<p><strong>R\u00e9sultat 2015: <a href=\"http:\/\/actgv.fr\/wp-content\/uploads\/2015\/06\/liste-des-lots.pdf\" target=\"_blank\" rel=\"noopener noreferrer\">ICI<\/a><\/strong><\/p>\n<p><strong>R\u00e9sultats 2014: <a href=\"http:\/\/actgv.fr\/wp-content\/uploads\/2014\/05\/R\u00e9sultat-concours-2014-site.pdf\" target=\"_blank\" rel=\"noopener noreferrer\">ICI<\/a><\/strong><\/p>\n<p><strong>R\u00e9sultats 2013: <a href=\"http:\/\/actgv.fr\/wp-content\/uploads\/2013\/07\/liste-des-prix-pour-site.pdf\" target=\"_blank\" rel=\"noopener noreferrer\">ICI<\/a><\/strong><\/p>\n<p><span style=\"color: #888888;\"><strong>R\u00e9sultats 2012 :\u00a0<a title=\"liste des prix\" href=\"http:\/\/actgv.fr\/wp-content\/uploads\/2012\/06\/liste-des-prix.pdf\" target=\"_blank\" rel=\"noopener noreferrer\"> ICI<\/a><\/strong><\/span><\/p>\n<p><span style=\"color: #888888;\"><strong>\u00a0<\/strong><\/span><\/p>\n","protected":false},"excerpt":{"rendered":"<p>Clich\u00e9s s\u00e9lectionn\u00e9s 2019: ICI 2018: ICI 2017: ICI 2016: ICI 2015: ICI 2014: ICI 2013: ICI \u00a02012:\u00a0 ICI R\u00e9sultats 2019:ICI R\u00e9sultats 2018: ICI R\u00e9sultat 2017: ICI R\u00e9sultat 2016: ICI R\u00e9sultat 2015: ICI R\u00e9sultats 2014: ICI R\u00e9sultats 2013: ICI R\u00e9sultats 2012 &hellip; <a href=\"https:\/\/actgv.fr\/?page_id=149\">Continuer la lecture <span class=\"meta-nav\">&rarr;<\/span><\/a><\/p>\n","protected":false},"author":1,"featured_media":0,"parent":127,"menu_order":2,"comment_status":"closed","ping_status":"closed","template":"","meta":{"footnotes":""},"class_list":["post-149","page","type-page","status-publish","hentry"],"_links":{"self":[{"href":"https:\/\/actgv.fr\/index.php?rest_route=\/wp\/v2\/pages\/149","targetHints":{"allow":["GET"]}}],"collection":[{"href":"https:\/\/actgv.fr\/index.php?rest_route=\/wp\/v2\/pages"}],"about":[{"href":"https:\/\/actgv.fr\/index.php?rest_route=\/wp\/v2\/types\/page"}],"author":[{"embeddable":true,"href":"https:\/\/actgv.fr\/index.php?rest_route=\/wp\/v2\/users\/1"}],"replies":[{"embeddable":true,"href":"https:\/\/actgv.fr\/index.php?rest_route=%2Fwp%2Fv2%2Fcomments&post=149"}],"version-history":[{"count":90,"href":"https:\/\/actgv.fr\/index.php?rest_route=\/wp\/v2\/pages\/149\/revisions"}],"predecessor-version":[{"id":2382,"href":"https:\/\/actgv.fr\/index.php?rest_route=\/wp\/v2\/pages\/149\/revisions\/2382"}],"up":[{"embeddable":true,"href":"https:\/\/actgv.fr\/index.php?rest_route=\/wp\/v2\/pages\/127"}],"wp:attachment":[{"href":"https:\/\/actgv.fr\/index.php?rest_route=%2Fwp%2Fv2%2Fmedia&parent=149"}],"curies":[{"name":"wp","href":"https:\/\/api.w.org\/{rel}","templated":true}]}}