{"id":133,"date":"2012-06-01T09:16:13","date_gmt":"2012-06-01T09:16:13","guid":{"rendered":"http:\/\/actgv.fr\/?page_id=133"},"modified":"2018-12-20T14:59:35","modified_gmt":"2018-12-20T13:59:35","slug":"theme","status":"publish","type":"page","link":"https:\/\/actgv.fr\/?page_id=133","title":{"rendered":"Th\u00e8me"},"content":{"rendered":"<h3 style=\"text-align: center;\"><span style=\"color: #ff0000;\"><strong><span style=\"color: #000000;\">R\u00e9glementation de<\/span><\/strong><\/span> <span style=\"text-decoration: underline;\"><span style=\"color: #ff0000; text-decoration: underline;\"><strong>\u00ab\u00a0PRISES de VUES\u00a0\u00bb<br \/>\n<\/strong><\/span><\/span><span style=\"color: #ff0000;\"><strong><span style=\"color: #000000;\">dans les enceintes du Chemin de Fer<\/span><\/strong><\/span> : <a href=\"http:\/\/actgv.fr\/wp-content\/uploads\/2014\/12\/R\u00e9glementation-de-prises-de-vues-dans-les-enceintes-du-Chemin-de-Fer.pdf\" target=\"_blank\" rel=\"noopener noreferrer\">ICI<\/a><\/h3>\n<h1 style=\"text-align: center;\"><img decoding=\"async\" class=\"img_display\" src=\"http:\/\/actgv.fr\/wp-content\/uploads\/fgallery\/2018122013570817.jpg\" alt=\"Affiche Concours d\u00e9fintive pour le site\" \/><\/h1>\n<h1 style=\"text-align: center;\"><strong>Date limite d\u2019envoi : 20 avril 2019<br \/>\n<\/strong><\/h1>\n<p>Pour imprimer l&rsquo;affiche, cliquez sur le lien: Affiche Concours<\/p>\n<p style=\"text-align: center;\"><strong><span style=\"color: #ff0000;\">Envoi des fichiers JPEG : secretariactgv@orange.fr<\/span><\/strong><\/p>\n<p>R\u00e8glement du concours :<\/p>\n<p>1\u00a0&#8211; Ce concours est ouvert \u00e0 tous (sauf membres du jury).<\/p>\n<p>2\u00a0&#8211; Photos en couleur, ne comportant aucune personne identifiable, nombre limit\u00e9 \u00e0 quatre \u00e9preuves par participant.<\/p>\n<p>* Ces fichiers devront \u00eatre envoy\u00e9s au secr\u00e9tariat de l\u2019ACTGV.<\/p>\n<p>* Coordonn\u00e9es compl\u00e8tes et l\u00e9gende inclues \u00e0 l\u2019envoi.<\/p>\n<p>3\u00a0&#8211; Photos \u00e0 enregistrer au Format JPEG en HD (haute d\u00e9finition).<\/p>\n<p>4\u00a0&#8211; Les concurrents devront certifier, lors de l&rsquo;envoi de leurs fichiers, qu&rsquo;ils en sont les auteurs et que les photos sont libres de\u00a0\u00a0 tout droit de publication.<\/p>\n<p>5\u00a0&#8211; Ce concours est dot\u00e9 de nombreux prix.<\/p>\n<p>6 &#8211; Autorisation de prise de vue : r\u00e8glement du 1er d\u00e9cembre 1989 consultable sur www.actgv.fr<\/p>\n<p>7 &#8211; Le jury sera compos\u00e9 de membres du bureau de l\u2019ACTGV.<\/p>\n<p>8 &#8211; <span style=\"color: #ff0000;\"><b>Attention, les clich\u00e9s doivent exclusivement \u00eatre pris en format \u00ab\u00a0paysage\u00a0\u00bb.<\/b><\/span><\/p>\n<p>NON\u00a0\u00a0\u00a0\u00a0\u00a0\u00a0\u00a0\u00a0\u00a0\u00a0\u00a0\u00a0\u00a0\u00a0\u00a0\u00a0\u00a0\u00a0\u00a0\u00a0\u00a0\u00a0\u00a0\u00a0\u00a0\u00a0\u00a0\u00a0\u00a0\u00a0\u00a0\u00a0\u00a0\u00a0\u00a0\u00a0\u00a0\u00a0\u00a0\u00a0\u00a0\u00a0\u00a0\u00a0\u00a0\u00a0\u00a0\u00a0\u00a0\u00a0\u00a0\u00a0\u00a0\u00a0\u00a0\u00a0\u00a0\u00a0\u00a0\u00a0\u00a0\u00a0\u00a0\u00a0\u00a0\u00a0 OUI<\/p>\n<p><a href=\"http:\/\/actgv.fr\/wp-content\/uploads\/2012\/06\/photo-en-portrait-copie.jpg\"><img loading=\"lazy\" decoding=\"async\" class=\"alignnone size-medium wp-image-88\" title=\"photo en portrait \" src=\"http:\/\/actgv.fr\/wp-content\/uploads\/2012\/06\/photo-en-portrait-copie-202x300.jpg\" alt=\"\" width=\"184\" height=\"264\" \/><\/a> <a href=\"http:\/\/actgv.fr\/wp-content\/uploads\/2012\/06\/111-34-11-01-2010-Entre-VILLERS-ROTIN-et-CHAMPVANS-Photo-Jean-WILLEMIN.jpg\"><img loading=\"lazy\" decoding=\"async\" class=\"alignnone size-medium wp-image-89\" title=\"Photo paysage\" src=\"http:\/\/actgv.fr\/wp-content\/uploads\/2012\/06\/111-34-11-01-2010-Entre-VILLERS-ROTIN-et-CHAMPVANS-Photo-Jean-WILLEMIN-300x225.jpg\" alt=\"\" width=\"352\" height=\"267\" \/><\/a><\/p>\n","protected":false},"excerpt":{"rendered":"<p>R\u00e9glementation de \u00ab\u00a0PRISES de VUES\u00a0\u00bb dans les enceintes du Chemin de Fer : ICI Date limite d\u2019envoi : 20 avril 2019 Pour imprimer l&rsquo;affiche, cliquez sur le lien: Affiche Concours Envoi des fichiers JPEG : secretariactgv@orange.fr R\u00e8glement du concours : &hellip; <a href=\"https:\/\/actgv.fr\/?page_id=133\">Continuer la lecture <span class=\"meta-nav\">&rarr;<\/span><\/a><\/p>\n","protected":false},"author":1,"featured_media":1200,"parent":127,"menu_order":1,"comment_status":"closed","ping_status":"closed","template":"","meta":{"footnotes":""},"class_list":["post-133","page","type-page","status-publish","has-post-thumbnail","hentry"],"_links":{"self":[{"href":"https:\/\/actgv.fr\/index.php?rest_route=\/wp\/v2\/pages\/133","targetHints":{"allow":["GET"]}}],"collection":[{"href":"https:\/\/actgv.fr\/index.php?rest_route=\/wp\/v2\/pages"}],"about":[{"href":"https:\/\/actgv.fr\/index.php?rest_route=\/wp\/v2\/types\/page"}],"author":[{"embeddable":true,"href":"https:\/\/actgv.fr\/index.php?rest_route=\/wp\/v2\/users\/1"}],"replies":[{"embeddable":true,"href":"https:\/\/actgv.fr\/index.php?rest_route=%2Fwp%2Fv2%2Fcomments&post=133"}],"version-history":[{"count":46,"href":"https:\/\/actgv.fr\/index.php?rest_route=\/wp\/v2\/pages\/133\/revisions"}],"predecessor-version":[{"id":2275,"href":"https:\/\/actgv.fr\/index.php?rest_route=\/wp\/v2\/pages\/133\/revisions\/2275"}],"up":[{"embeddable":true,"href":"https:\/\/actgv.fr\/index.php?rest_route=\/wp\/v2\/pages\/127"}],"wp:featuredmedia":[{"embeddable":true,"href":"https:\/\/actgv.fr\/index.php?rest_route=\/wp\/v2\/media\/1200"}],"wp:attachment":[{"href":"https:\/\/actgv.fr\/index.php?rest_route=%2Fwp%2Fv2%2Fmedia&parent=133"}],"curies":[{"name":"wp","href":"https:\/\/api.w.org\/{rel}","templated":true}]}}