{"id":112,"date":"2012-06-01T08:26:56","date_gmt":"2012-06-01T08:26:56","guid":{"rendered":"http:\/\/actgv.fr\/?page_id=112"},"modified":"2023-07-24T10:17:37","modified_gmt":"2023-07-24T09:17:37","slug":"adherents","status":"publish","type":"page","link":"https:\/\/actgv.fr\/?page_id=112","title":{"rendered":"Adh\u00e9rents"},"content":{"rendered":"<p>Pages prot\u00e9g\u00e9es.<\/p>\n<p>Si vous souhaitez nous rejoindre et adh\u00e9rer \u00e0 l<a href=\"_wp_link_placeholder\" data-wplink-edit=\"true\">&lsquo;ACTGV<\/a>, cliquer:\u00a0 <a href=\"http:\/\/actgv.fr\/wp-content\/uploads\/2015\/01\/Bulletin-2015.pdf\" target=\"_blank\" rel=\"noopener\">ICI<\/a><br \/><strong><span style=\"text-decoration: underline;\">Cette adh\u00e9sion vous donne droit:<\/span><br \/>&#8211; <\/strong><strong>\u00a0aux 4 bulletins d&rsquo;Informations des t\u00e9g\u00e9vistes,<br \/>&#8211; \u00a0\u00e0 des r\u00e9ductions sur les voyages organis\u00e9s par l&rsquo;ACTGV,<br \/>&#8211; \u00a0\u00e0 l&rsquo;acc\u00e8s aux pages adh\u00e9rents qui sont prot\u00e9g\u00e9es.<\/strong><\/p>\n<p>\u00a0<\/p>\n\n\n<p><\/p>\n","protected":false},"excerpt":{"rendered":"<p>Pages prot\u00e9g\u00e9es. Si vous souhaitez nous rejoindre et adh\u00e9rer \u00e0 l&lsquo;ACTGV, cliquer:\u00a0 ICICette adh\u00e9sion vous donne droit:&#8211; \u00a0aux 4 bulletins d&rsquo;Informations des t\u00e9g\u00e9vistes,&#8211; \u00a0\u00e0 des r\u00e9ductions sur les voyages organis\u00e9s par l&rsquo;ACTGV,&#8211; \u00a0\u00e0 l&rsquo;acc\u00e8s aux pages adh\u00e9rents qui sont prot\u00e9g\u00e9es. &hellip; <a href=\"https:\/\/actgv.fr\/?page_id=112\">Continuer la lecture <span class=\"meta-nav\">&rarr;<\/span><\/a><\/p>\n","protected":false},"author":1,"featured_media":1177,"parent":0,"menu_order":2,"comment_status":"open","ping_status":"open","template":"","meta":{"footnotes":""},"class_list":["post-112","page","type-page","status-publish","has-post-thumbnail","hentry"],"_links":{"self":[{"href":"https:\/\/actgv.fr\/index.php?rest_route=\/wp\/v2\/pages\/112","targetHints":{"allow":["GET"]}}],"collection":[{"href":"https:\/\/actgv.fr\/index.php?rest_route=\/wp\/v2\/pages"}],"about":[{"href":"https:\/\/actgv.fr\/index.php?rest_route=\/wp\/v2\/types\/page"}],"author":[{"embeddable":true,"href":"https:\/\/actgv.fr\/index.php?rest_route=\/wp\/v2\/users\/1"}],"replies":[{"embeddable":true,"href":"https:\/\/actgv.fr\/index.php?rest_route=%2Fwp%2Fv2%2Fcomments&post=112"}],"version-history":[{"count":17,"href":"https:\/\/actgv.fr\/index.php?rest_route=\/wp\/v2\/pages\/112\/revisions"}],"predecessor-version":[{"id":2733,"href":"https:\/\/actgv.fr\/index.php?rest_route=\/wp\/v2\/pages\/112\/revisions\/2733"}],"wp:featuredmedia":[{"embeddable":true,"href":"https:\/\/actgv.fr\/index.php?rest_route=\/wp\/v2\/media\/1177"}],"wp:attachment":[{"href":"https:\/\/actgv.fr\/index.php?rest_route=%2Fwp%2Fv2%2Fmedia&parent=112"}],"curies":[{"name":"wp","href":"https:\/\/api.w.org\/{rel}","templated":true}]}}